{"id":9,"date":"2025-02-14T05:43:26","date_gmt":"2025-02-14T05:43:26","guid":{"rendered":"https:\/\/atcogmbh.com\/?page_id=9"},"modified":"2025-05-09T11:39:40","modified_gmt":"2025-05-09T11:39:40","slug":"produkte","status":"publish","type":"page","link":"https:\/\/atcogmbh.com\/de\/produkte\/","title":{"rendered":"Produkte"},"content":{"rendered":"\t\t<div data-elementor-type=\"wp-page\" data-elementor-id=\"9\" class=\"elementor elementor-9\">\n\t\t\t\t<div class=\"elementor-element elementor-element-5ce631d e-con-full banner-set e-flex e-con e-parent\" data-id=\"5ce631d\" data-element_type=\"container\" data-settings=\"{&quot;background_background&quot;:&quot;classic&quot;}\">\n\t\t<div class=\"elementor-element elementor-element-bc6692b e-flex e-con-boxed e-con e-child\" data-id=\"bc6692b\" data-element_type=\"container\">\n\t\t\t\t\t<div class=\"e-con-inner\">\n\t\t\t\t<div class=\"elementor-element elementor-element-0fb2f3d elementor-widget elementor-widget-spacer\" data-id=\"0fb2f3d\" data-element_type=\"widget\" data-widget_type=\"spacer.default\">\n\t\t\t\t<div class=\"elementor-widget-container\">\n\t\t\t\t\t\t\t<div class=\"elementor-spacer\">\n\t\t\t<div class=\"elementor-spacer-inner\"><\/div>\n\t\t<\/div>\n\t\t\t\t\t\t<\/div>\n\t\t\t\t<\/div>\n\t\t<div class=\"elementor-element elementor-element-18572c5 e-con-full e-flex e-con e-child\" data-id=\"18572c5\" data-element_type=\"container\">\n\t\t\t\t<div class=\"elementor-element elementor-element-66c6383 elementor-widget elementor-widget-heading\" data-id=\"66c6383\" data-element_type=\"widget\" data-widget_type=\"heading.default\">\n\t\t\t\t<div class=\"elementor-widget-container\">\n\t\t\t\t\t<span class=\"elementor-heading-title elementor-size-default\"><a href=\"https:\/\/atcogmbh.com\/\">Home<\/a><\/span>\t\t\t\t<\/div>\n\t\t\t\t<\/div>\n\t\t\t\t<div class=\"elementor-element elementor-element-863ad1f elementor-view-default elementor-widget elementor-widget-icon\" data-id=\"863ad1f\" data-element_type=\"widget\" data-widget_type=\"icon.default\">\n\t\t\t\t<div class=\"elementor-widget-container\">\n\t\t\t\t\t\t\t<div class=\"elementor-icon-wrapper\">\n\t\t\t<div class=\"elementor-icon\">\n\t\t\t<svg aria-hidden=\"true\" class=\"e-font-icon-svg e-fas-chevron-right\" viewBox=\"0 0 320 512\" xmlns=\"http:\/\/www.w3.org\/2000\/svg\"><path d=\"M285.476 272.971L91.132 467.314c-9.373 9.373-24.569 9.373-33.941 0l-22.667-22.667c-9.357-9.357-9.375-24.522-.04-33.901L188.505 256 34.484 101.255c-9.335-9.379-9.317-24.544.04-33.901l22.667-22.667c9.373-9.373 24.569-9.373 33.941 0L285.475 239.03c9.373 9.372 9.373 24.568.001 33.941z\"><\/path><\/svg>\t\t\t<\/div>\n\t\t<\/div>\n\t\t\t\t\t\t<\/div>\n\t\t\t\t<\/div>\n\t\t\t\t<div class=\"elementor-element elementor-element-ab1e749 elementor-widget elementor-widget-heading\" data-id=\"ab1e749\" data-element_type=\"widget\" data-widget_type=\"heading.default\">\n\t\t\t\t<div class=\"elementor-widget-container\">\n\t\t\t\t\t<span class=\"elementor-heading-title elementor-size-default\">Produkte<\/span>\t\t\t\t<\/div>\n\t\t\t\t<\/div>\n\t\t\t\t<\/div>\n\t\t\t\t\t<\/div>\n\t\t\t\t<\/div>\n\t\t<div class=\"elementor-element elementor-element-e84fbf3 e-con-full e-flex e-con e-child\" data-id=\"e84fbf3\" data-element_type=\"container\">\n\t\t\t\t<div class=\"elementor-element elementor-element-e0d7dae elementor-widget elementor-widget-heading\" data-id=\"e0d7dae\" data-element_type=\"widget\" data-widget_type=\"heading.default\">\n\t\t\t\t<div class=\"elementor-widget-container\">\n\t\t\t\t\t<h2 class=\"elementor-heading-title elementor-size-default\">Produkte<\/h2>\t\t\t\t<\/div>\n\t\t\t\t<\/div>\n\t\t\t\t<\/div>\n\t\t\t\t<\/div>\n\t\t<div class=\"elementor-element elementor-element-629c3e6 e-flex e-con-boxed e-con e-parent\" data-id=\"629c3e6\" data-element_type=\"container\">\n\t\t\t\t\t<div class=\"e-con-inner\">\n\t\t\t\t<div class=\"elementor-element elementor-element-fe8efec elementor-widget elementor-widget-spacer\" data-id=\"fe8efec\" data-element_type=\"widget\" data-widget_type=\"spacer.default\">\n\t\t\t\t<div class=\"elementor-widget-container\">\n\t\t\t\t\t\t\t<div class=\"elementor-spacer\">\n\t\t\t<div class=\"elementor-spacer-inner\"><\/div>\n\t\t<\/div>\n\t\t\t\t\t\t<\/div>\n\t\t\t\t<\/div>\n\t\t\t\t<div class=\"elementor-element elementor-element-66dd866 elementor-widget elementor-widget-heading\" data-id=\"66dd866\" data-element_type=\"widget\" data-widget_type=\"heading.default\">\n\t\t\t\t<div class=\"elementor-widget-container\">\n\t\t\t\t\t<h2 class=\"elementor-heading-title elementor-size-default\">Unsere Produkte<\/h2>\t\t\t\t<\/div>\n\t\t\t\t<\/div>\n\t\t\t\t\t<\/div>\n\t\t\t\t<\/div>\n\t\t<div class=\"elementor-element elementor-element-c15859c e-flex e-con-boxed e-con e-parent\" data-id=\"c15859c\" data-element_type=\"container\">\n\t\t\t\t\t<div class=\"e-con-inner\">\n\t\t\t\t<div class=\"elementor-element elementor-element-73d6eac elementor-widget elementor-widget-text-editor\" data-id=\"73d6eac\" data-element_type=\"widget\" data-widget_type=\"text-editor.default\">\n\t\t\t\t<div class=\"elementor-widget-container\">\n\t\t\t\t\t\t\t\t\t<p style=\"margin-bottom: 0px !important;line-height:  normal;\">Wir bieten eine breite Palette hochwertiger Industriekomponenten, die auf Pr\u00e4zision und Langlebigkeit ausgelegt sind. Zu unseren Produkten geh\u00f6ren Steilkegel Spannzangen, Hohlschaftkegel (HSK) Spanns\u00e4tze sowie Steuerbl\u00f6cke f\u00fcr Hydraulischen Anwendungen. Jedes Produkt wurde entwickelt, um die Effizienz und Leistung zu verbessern. Finden Sie die perfekte L\u00f6sung f\u00fcr Ihren Einsatz.<\/p>\t\t\t\t\t\t\t\t<\/div>\n\t\t\t\t<\/div>\n\t\t\t\t<div class=\"elementor-element elementor-element-dd13110 product-grid elementor-widget elementor-widget-tm-ele-cpt-projects\" data-id=\"dd13110\" data-element_type=\"widget\" data-widget_type=\"tm-ele-cpt-projects.skin-style-current-theme1\">\n\t\t\t\t<div class=\"elementor-widget-container\">\n\t\t\t\t\t\r\n\t<div class=\"tm-sc-projects tm-sc-projects-grid border-radius-around-box\">\r\n\t\t\r\n\t\r\n\t\t<!-- Isotope Gallery Grid -->\r\n\t\t<div id=\"projects-holder-198261\" class=\"isotope-layout grid-3 gutter-15 clearfix\">\r\n\t\t\t<div class=\"isotope-layout-inner\">\r\n\r\n                <!-- the loop -->\r\n                                                <div class=\"isotope-item products\">\r\n                    <!-- Training Block-->\r\n<div class=\"type-projects projects-current-theme1\">\r\n\t<div class=\"inner-box\">\r\n\t\t<div class=\"image-box\">\r\n\t\t\t<figure class=\"image\">\r\n\t\t\t\t<img fetchpriority=\"high\" decoding=\"async\" width=\"505\" height=\"405\" src=\"https:\/\/atcogmbh.com\/wp-content\/uploads\/2025\/03\/SK-Gripper.png\" class=\"img-fullwidth wp-post-image\" alt=\"\" srcset=\"https:\/\/atcogmbh.com\/wp-content\/uploads\/2025\/03\/SK-Gripper.png 505w, https:\/\/atcogmbh.com\/wp-content\/uploads\/2025\/03\/SK-Gripper-300x241.png 300w\" sizes=\"(max-width: 505px) 100vw, 505px\" \/>\t\t\t<\/figure>\r\n\t\t<\/div>\r\n\t\t<div class=\"info-box\">\r\n\t\t\t\t\t\t\t\t\t\t<h4 class=\"title\"><a href=\"https:\/\/atcogmbh.com\/de\/products\/steep-taper-grippers\/\">Steilkegel Spannzangen (SK Zangen)<\/a><\/h4>\r\n\t\t\t\t\t\t<a href=\"https:\/\/atcogmbh.com\/de\/products\/steep-taper-grippers\/\" class=\"read-more\">Read More<i class=\"fa fa-angle-double-right\"><\/i><\/a>\r\n\t\t<\/div>\r\n\t<\/div>\r\n<\/div>                <\/div>\r\n                                                <div class=\"isotope-item products\">\r\n                    <!-- Training Block-->\r\n<div class=\"type-projects projects-current-theme1\">\r\n\t<div class=\"inner-box\">\r\n\t\t<div class=\"image-box\">\r\n\t\t\t<figure class=\"image\">\r\n\t\t\t\t<img decoding=\"async\" width=\"505\" height=\"405\" src=\"https:\/\/atcogmbh.com\/wp-content\/uploads\/2025\/04\/HSK-GROE.jpg\" class=\"img-fullwidth wp-post-image\" alt=\"\" srcset=\"https:\/\/atcogmbh.com\/wp-content\/uploads\/2025\/04\/HSK-GROE.jpg 505w, https:\/\/atcogmbh.com\/wp-content\/uploads\/2025\/04\/HSK-GROE-300x241.jpg 300w, https:\/\/atcogmbh.com\/wp-content\/uploads\/2025\/04\/HSK-GROE-15x12.jpg 15w\" sizes=\"(max-width: 505px) 100vw, 505px\" \/>\t\t\t<\/figure>\r\n\t\t<\/div>\r\n\t\t<div class=\"info-box\">\r\n\t\t\t\t\t\t\t\t\t\t<h4 class=\"title\"><a href=\"https:\/\/atcogmbh.com\/de\/products\/hollow-shaft-taper-hsk-clamping-collet\/\">Hohlschaftkegel (HSK) Spanns\u00e4tze<\/a><\/h4>\r\n\t\t\t\t\t\t<a href=\"https:\/\/atcogmbh.com\/de\/products\/hollow-shaft-taper-hsk-clamping-collet\/\" class=\"read-more\">Read More<i class=\"fa fa-angle-double-right\"><\/i><\/a>\r\n\t\t<\/div>\r\n\t<\/div>\r\n<\/div>                <\/div>\r\n                                                <div class=\"isotope-item products\">\r\n                    <!-- Training Block-->\r\n<div class=\"type-projects projects-current-theme1\">\r\n\t<div class=\"inner-box\">\r\n\t\t<div class=\"image-box\">\r\n\t\t\t<figure class=\"image\">\r\n\t\t\t\t<img decoding=\"async\" width=\"937\" height=\"849\" src=\"https:\/\/atcogmbh.com\/wp-content\/uploads\/2025\/04\/Mani-fold-block.webp\" class=\"img-fullwidth wp-post-image\" alt=\"Manifold Block from ATCO\" srcset=\"https:\/\/atcogmbh.com\/wp-content\/uploads\/2025\/04\/Mani-fold-block.webp 937w, https:\/\/atcogmbh.com\/wp-content\/uploads\/2025\/04\/Mani-fold-block-300x272.webp 300w, https:\/\/atcogmbh.com\/wp-content\/uploads\/2025\/04\/Mani-fold-block-768x696.webp 768w, https:\/\/atcogmbh.com\/wp-content\/uploads\/2025\/04\/Mani-fold-block-13x12.webp 13w\" sizes=\"(max-width: 937px) 100vw, 937px\" \/>\t\t\t<\/figure>\r\n\t\t<\/div>\r\n\t\t<div class=\"info-box\">\r\n\t\t\t\t\t\t\t\t\t\t<h4 class=\"title\"><a href=\"https:\/\/atcogmbh.com\/de\/products\/standard-manifold-block\/\">Hydraulische Steuerbl\u00f6cke (Standardausf\u00fchrung \/ Sonderausf\u00fchrung)<\/a><\/h4>\r\n\t\t\t\t\t\t<a href=\"https:\/\/atcogmbh.com\/de\/products\/standard-manifold-block\/\" class=\"read-more\">Read More<i class=\"fa fa-angle-double-right\"><\/i><\/a>\r\n\t\t<\/div>\r\n\t<\/div>\r\n<\/div>                <\/div>\r\n                                <!-- end of the loop -->\r\n\t\t\t<\/div>\r\n\t\t<\/div>\r\n\t\t\t<\/div>\r\n\r\n\r\n\t\t\t\t<\/div>\n\t\t\t\t<\/div>\n\t\t\t\t\t<\/div>\n\t\t\t\t<\/div>\n\t\t\t\t<\/div>\n\t\t","protected":false},"excerpt":{"rendered":"<p>Home Produkte Produkte Unsere Produkte Wir bieten eine breite Palette hochwertiger Industriekomponenten, die auf Pr\u00e4zision und Langlebigkeit ausgelegt sind. Zu&#8230;<\/p>\n","protected":false},"author":1,"featured_media":0,"parent":0,"menu_order":0,"comment_status":"closed","ping_status":"closed","template":"","meta":{"footnotes":""},"class_list":["post-9","page","type-page","status-publish","hentry"],"yoast_head":"<!-- This site is optimized with the Yoast SEO plugin v26.3 - https:\/\/yoast.com\/wordpress\/plugins\/seo\/ -->\n<title>Produkte - ATCO<\/title>\n<meta name=\"robots\" content=\"index, follow, max-snippet:-1, max-image-preview:large, max-video-preview:-1\" \/>\n<link rel=\"canonical\" href=\"https:\/\/atcogmbh.com\/de\/produkte\/\" \/>\n<meta property=\"og:locale\" content=\"de_DE\" \/>\n<meta property=\"og:type\" content=\"article\" \/>\n<meta property=\"og:title\" content=\"Produkte - ATCO\" \/>\n<meta property=\"og:description\" content=\"Home Produkte Produkte Unsere Produkte Wir bieten eine breite Palette hochwertiger Industriekomponenten, die auf Pr\u00e4zision und Langlebigkeit ausgelegt sind. Zu...\" \/>\n<meta property=\"og:url\" content=\"https:\/\/atcogmbh.com\/de\/produkte\/\" \/>\n<meta property=\"og:site_name\" content=\"ATCO\" \/>\n<meta property=\"article:modified_time\" content=\"2025-05-09T11:39:40+00:00\" \/>\n<meta property=\"og:image\" content=\"https:\/\/atcogmbh.com\/wp-content\/uploads\/2025\/03\/SK-Gripper.png\" \/>\n<meta name=\"twitter:card\" content=\"summary_large_image\" \/>\n<script type=\"application\/ld+json\" class=\"yoast-schema-graph\">{\"@context\":\"https:\/\/schema.org\",\"@graph\":[{\"@type\":\"WebPage\",\"@id\":\"https:\/\/atcogmbh.com\/de\/produkte\/\",\"url\":\"https:\/\/atcogmbh.com\/de\/produkte\/\",\"name\":\"Produkte - ATCO\",\"isPartOf\":{\"@id\":\"https:\/\/atcogmbh.com\/de\/#website\"},\"primaryImageOfPage\":{\"@id\":\"https:\/\/atcogmbh.com\/de\/produkte\/#primaryimage\"},\"image\":{\"@id\":\"https:\/\/atcogmbh.com\/de\/produkte\/#primaryimage\"},\"thumbnailUrl\":\"https:\/\/atcogmbh.com\/wp-content\/uploads\/2025\/03\/SK-Gripper.png\",\"datePublished\":\"2025-02-14T05:43:26+00:00\",\"dateModified\":\"2025-05-09T11:39:40+00:00\",\"breadcrumb\":{\"@id\":\"https:\/\/atcogmbh.com\/de\/produkte\/#breadcrumb\"},\"inLanguage\":\"de\",\"potentialAction\":[{\"@type\":\"ReadAction\",\"target\":[\"https:\/\/atcogmbh.com\/de\/produkte\/\"]}]},{\"@type\":\"ImageObject\",\"inLanguage\":\"de\",\"@id\":\"https:\/\/atcogmbh.com\/de\/produkte\/#primaryimage\",\"url\":\"https:\/\/atcogmbh.com\/wp-content\/uploads\/2025\/03\/SK-Gripper.png\",\"contentUrl\":\"https:\/\/atcogmbh.com\/wp-content\/uploads\/2025\/03\/SK-Gripper.png\"},{\"@type\":\"BreadcrumbList\",\"@id\":\"https:\/\/atcogmbh.com\/de\/produkte\/#breadcrumb\",\"itemListElement\":[{\"@type\":\"ListItem\",\"position\":1,\"name\":\"Home\",\"item\":\"https:\/\/atcogmbh.com\/\"},{\"@type\":\"ListItem\",\"position\":2,\"name\":\"Produkte\"}]},{\"@type\":\"WebSite\",\"@id\":\"https:\/\/atcogmbh.com\/de\/#website\",\"url\":\"https:\/\/atcogmbh.com\/de\/\",\"name\":\"ATCO\",\"description\":\"\",\"potentialAction\":[{\"@type\":\"SearchAction\",\"target\":{\"@type\":\"EntryPoint\",\"urlTemplate\":\"https:\/\/atcogmbh.com\/de\/?s={search_term_string}\"},\"query-input\":{\"@type\":\"PropertyValueSpecification\",\"valueRequired\":true,\"valueName\":\"search_term_string\"}}],\"inLanguage\":\"de\"}]}<\/script>\n<!-- \/ Yoast SEO plugin. -->","yoast_head_json":{"title":"Produkte - ATCO","robots":{"index":"index","follow":"follow","max-snippet":"max-snippet:-1","max-image-preview":"max-image-preview:large","max-video-preview":"max-video-preview:-1"},"canonical":"https:\/\/atcogmbh.com\/de\/produkte\/","og_locale":"de_DE","og_type":"article","og_title":"Produkte - ATCO","og_description":"Home Produkte Produkte Unsere Produkte Wir bieten eine breite Palette hochwertiger Industriekomponenten, die auf Pr\u00e4zision und Langlebigkeit ausgelegt sind. Zu...","og_url":"https:\/\/atcogmbh.com\/de\/produkte\/","og_site_name":"ATCO","article_modified_time":"2025-05-09T11:39:40+00:00","og_image":[{"url":"https:\/\/atcogmbh.com\/wp-content\/uploads\/2025\/03\/SK-Gripper.png","type":"","width":"","height":""}],"twitter_card":"summary_large_image","schema":{"@context":"https:\/\/schema.org","@graph":[{"@type":"WebPage","@id":"https:\/\/atcogmbh.com\/de\/produkte\/","url":"https:\/\/atcogmbh.com\/de\/produkte\/","name":"Produkte - ATCO","isPartOf":{"@id":"https:\/\/atcogmbh.com\/de\/#website"},"primaryImageOfPage":{"@id":"https:\/\/atcogmbh.com\/de\/produkte\/#primaryimage"},"image":{"@id":"https:\/\/atcogmbh.com\/de\/produkte\/#primaryimage"},"thumbnailUrl":"https:\/\/atcogmbh.com\/wp-content\/uploads\/2025\/03\/SK-Gripper.png","datePublished":"2025-02-14T05:43:26+00:00","dateModified":"2025-05-09T11:39:40+00:00","breadcrumb":{"@id":"https:\/\/atcogmbh.com\/de\/produkte\/#breadcrumb"},"inLanguage":"de","potentialAction":[{"@type":"ReadAction","target":["https:\/\/atcogmbh.com\/de\/produkte\/"]}]},{"@type":"ImageObject","inLanguage":"de","@id":"https:\/\/atcogmbh.com\/de\/produkte\/#primaryimage","url":"https:\/\/atcogmbh.com\/wp-content\/uploads\/2025\/03\/SK-Gripper.png","contentUrl":"https:\/\/atcogmbh.com\/wp-content\/uploads\/2025\/03\/SK-Gripper.png"},{"@type":"BreadcrumbList","@id":"https:\/\/atcogmbh.com\/de\/produkte\/#breadcrumb","itemListElement":[{"@type":"ListItem","position":1,"name":"Home","item":"https:\/\/atcogmbh.com\/"},{"@type":"ListItem","position":2,"name":"Produkte"}]},{"@type":"WebSite","@id":"https:\/\/atcogmbh.com\/de\/#website","url":"https:\/\/atcogmbh.com\/de\/","name":"ATCO","description":"","potentialAction":[{"@type":"SearchAction","target":{"@type":"EntryPoint","urlTemplate":"https:\/\/atcogmbh.com\/de\/?s={search_term_string}"},"query-input":{"@type":"PropertyValueSpecification","valueRequired":true,"valueName":"search_term_string"}}],"inLanguage":"de"}]}},"_links":{"self":[{"href":"https:\/\/atcogmbh.com\/de\/wp-json\/wp\/v2\/pages\/9","targetHints":{"allow":["GET"]}}],"collection":[{"href":"https:\/\/atcogmbh.com\/de\/wp-json\/wp\/v2\/pages"}],"about":[{"href":"https:\/\/atcogmbh.com\/de\/wp-json\/wp\/v2\/types\/page"}],"author":[{"embeddable":true,"href":"https:\/\/atcogmbh.com\/de\/wp-json\/wp\/v2\/users\/1"}],"replies":[{"embeddable":true,"href":"https:\/\/atcogmbh.com\/de\/wp-json\/wp\/v2\/comments?post=9"}],"version-history":[{"count":179,"href":"https:\/\/atcogmbh.com\/de\/wp-json\/wp\/v2\/pages\/9\/revisions"}],"predecessor-version":[{"id":57490,"href":"https:\/\/atcogmbh.com\/de\/wp-json\/wp\/v2\/pages\/9\/revisions\/57490"}],"wp:attachment":[{"href":"https:\/\/atcogmbh.com\/de\/wp-json\/wp\/v2\/media?parent=9"}],"curies":[{"name":"wp","href":"https:\/\/api.w.org\/{rel}","templated":true}]}}